{"id":293,"date":"2026-02-11T18:01:23","date_gmt":"2026-02-11T18:01:23","guid":{"rendered":"https:\/\/wildnest.cl\/?page_id=293"},"modified":"2026-04-09T22:28:53","modified_gmt":"2026-04-09T22:28:53","slug":"paguina-de-prueba","status":"publish","type":"page","link":"https:\/\/wildnest.cl\/?page_id=293","title":{"rendered":"Tour 2025"},"content":{"rendered":"\n<div class=\"wp-block-columns is-layout-flex wp-container-core-columns-is-layout-28f84493 wp-block-columns-is-layout-flex\">\n<div class=\"wp-block-column is-layout-flow wp-block-column-is-layout-flow\"><\/div>\n<\/div>\n\n\n\n<h2 class=\"wp-block-heading has-text-align-center\"><strong>\u00danete a la Red Global de Sedes y s\u00e9 el pr\u00f3ximo Anfitri\u00f3n de un Taller de Treenet.<\/strong><\/h2>\n\n\n\n<p class=\"has-text-align-center\"><strong>POSTULACIONES ABIERTAS!!!<\/strong><\/p>\n\n\n\n<p class=\"has-text-align-center\"><strong>Mas informaci\u00f3n aqu\u00ed<\/strong><\/p>\n\n\n\n<figure class=\"wp-block-image alignfull size-full\"><img loading=\"lazy\" decoding=\"async\" width=\"2000\" height=\"417\" src=\"https:\/\/wildnest.cl\/wp-content\/uploads\/2025\/01\/Banner.png\" alt=\"\" class=\"wp-image-521\" srcset=\"https:\/\/wildnest.cl\/wp-content\/uploads\/2025\/01\/Banner.png 2000w, https:\/\/wildnest.cl\/wp-content\/uploads\/2025\/01\/Banner-300x63.png 300w, https:\/\/wildnest.cl\/wp-content\/uploads\/2025\/01\/Banner-1024x214.png 1024w, https:\/\/wildnest.cl\/wp-content\/uploads\/2025\/01\/Banner-768x160.png 768w, https:\/\/wildnest.cl\/wp-content\/uploads\/2025\/01\/Banner-1536x320.png 1536w\" sizes=\"auto, (max-width: 2000px) 100vw, 2000px\" \/><\/figure>\n\n\n\n<hr class=\"wp-block-separator has-alpha-channel-opacity\"\/>\n\n\n\n<h2 class=\"wp-block-heading has-text-align-center\">Tour 2025<\/h2>\n\n\n\n<figure class=\"wp-block-image size-large\"><img loading=\"lazy\" decoding=\"async\" width=\"1024\" height=\"321\" src=\"https:\/\/wildnest.cl\/wp-content\/uploads\/2025\/10\/Tour-4-1024x321.png\" alt=\"\" class=\"wp-image-258\" srcset=\"https:\/\/wildnest.cl\/wp-content\/uploads\/2025\/10\/Tour-4-1024x321.png 1024w, https:\/\/wildnest.cl\/wp-content\/uploads\/2025\/10\/Tour-4-300x94.png 300w, https:\/\/wildnest.cl\/wp-content\/uploads\/2025\/10\/Tour-4-768x241.png 768w, https:\/\/wildnest.cl\/wp-content\/uploads\/2025\/10\/Tour-4-1536x481.png 1536w, https:\/\/wildnest.cl\/wp-content\/uploads\/2025\/10\/Tour-4-2048x642.png 2048w\" sizes=\"auto, (max-width: 1024px) 100vw, 1024px\" \/><\/figure>\n\n\n\n<h1 class=\"wp-block-heading alignwide has-text-align-center\">WildNest &amp; CanopyCraft<br>Gran Tour de Tejido TreeNet por Chile y Argentina<\/h1>\n\n\n\n<figure class=\"wp-block-pullquote alignwide has-large-font-size\"><blockquote><p>Con profunda gratitud cerramos nuestro Tour Internacional de Tejido de Redes en \u00c1rboles. Ha sido un honor inmenso compartir la magia de los TreeNets con todos ustedes en <strong>El Quisco, Bariloche y Puc\u00f3n<\/strong>. Ver c\u00f3mo cada participante, desde el nivel b\u00e1sico hasta el avanzado, se conect\u00f3 con la cuerda, los nudos y la naturaleza, superando desaf\u00edos y creando algo extraordinario, es la mayor recompensa.<br><br>Agradecemos a cada uno de ustedes por la energ\u00eda, la curiosidad y la pasi\u00f3n que trajeron a cada jornada. Gracias por confiar en la visi\u00f3n de <strong>WildNest<\/strong> y <strong>CanopyCraft<\/strong>. Un agradecimiento especial a nuestros anfitriones en cada locaci\u00f3n por abrirnos sus puertas y brindarnos entornos tan inspiradores. \u00a1Ustedes son el coraz\u00f3n de esta experiencia!<br><br>Manteng\u00e1monos conectados; sigan tejiendo, sigan explorando y sigan elevando su conexi\u00f3n con el mundo. Esperamos ver sus futuras creaciones y seguir construyendo esta incre\u00edble comunidad. \u00a1Hasta la pr\u00f3xima aventura!<br>Con inmensa gratitud,<br><strong>WildNest &amp; CanopyCraft<\/strong><br><\/p><\/blockquote><\/figure>\n\n\n\n<div class=\"wp-block-columns alignfull has-background is-layout-flex wp-container-core-columns-is-layout-87535699 wp-block-columns-is-layout-flex\" style=\"background-color:#aca070;margin-top:0;margin-bottom:0;padding-top:0;padding-right:0;padding-bottom:0;padding-left:0\">\n<div class=\"wp-block-column is-layout-flow wp-block-column-is-layout-flow\" style=\"flex-basis:56%\">\n<figure class=\"wp-block-image size-full is-resized has-custom-border\" style=\"margin-top:0;margin-right:0;margin-bottom:0;margin-left:0\"><img loading=\"lazy\" decoding=\"async\" width=\"1600\" height=\"1200\" src=\"https:\/\/wildnest.cl\/wp-content\/uploads\/2025\/01\/3ad15069-45d5-457c-8a6d-3d411e912e30.jpg\" alt=\"\" class=\"wp-image-284\" style=\"border-style:none;border-width:0px;border-radius:0px;object-fit:cover;width:740px;height:400px\" srcset=\"https:\/\/wildnest.cl\/wp-content\/uploads\/2025\/01\/3ad15069-45d5-457c-8a6d-3d411e912e30.jpg 1600w, https:\/\/wildnest.cl\/wp-content\/uploads\/2025\/01\/3ad15069-45d5-457c-8a6d-3d411e912e30-300x225.jpg 300w, https:\/\/wildnest.cl\/wp-content\/uploads\/2025\/01\/3ad15069-45d5-457c-8a6d-3d411e912e30-1024x768.jpg 1024w, https:\/\/wildnest.cl\/wp-content\/uploads\/2025\/01\/3ad15069-45d5-457c-8a6d-3d411e912e30-768x576.jpg 768w, https:\/\/wildnest.cl\/wp-content\/uploads\/2025\/01\/3ad15069-45d5-457c-8a6d-3d411e912e30-1536x1152.jpg 1536w\" sizes=\"auto, (max-width: 1600px) 100vw, 1600px\" \/><\/figure>\n<\/div>\n\n\n\n<div class=\"wp-block-column is-vertically-aligned-center is-layout-flow wp-container-core-column-is-layout-6e2e3ca0 wp-block-column-is-layout-flow\" style=\"padding-top:var(--wp--preset--spacing--50);padding-right:var(--wp--preset--spacing--20);padding-bottom:var(--wp--preset--spacing--50);padding-left:var(--wp--preset--spacing--20)\">\n<h1 class=\"wp-block-heading has-text-align-center has-base-color has-text-color has-link-color has-xx-large-font-size wp-elements-e78d7f876c26af022eb49f9604406cdd\"><strong>El Quisco<\/strong><\/h1>\n<\/div>\n<\/div>\n\n\n\n<div class=\"wp-block-columns alignfull has-background is-layout-flex wp-container-core-columns-is-layout-87535699 wp-block-columns-is-layout-flex\" style=\"background-color:#478147;margin-top:0;margin-bottom:0;padding-top:0;padding-right:0;padding-bottom:0;padding-left:0\">\n<div class=\"wp-block-column is-layout-flow wp-block-column-is-layout-flow\" style=\"flex-basis:56%\">\n<figure class=\"wp-block-image size-full is-resized has-custom-border\" style=\"margin-top:0;margin-right:0;margin-bottom:0;margin-left:0\"><img loading=\"lazy\" decoding=\"async\" width=\"1920\" height=\"1440\" src=\"https:\/\/wildnest.cl\/wp-content\/uploads\/2025\/01\/IMG_3295-1.jpg\" alt=\"\" class=\"wp-image-288\" style=\"border-style:none;border-width:0px;border-radius:0px;object-fit:cover;width:740px;height:400px\" srcset=\"https:\/\/wildnest.cl\/wp-content\/uploads\/2025\/01\/IMG_3295-1.jpg 1920w, https:\/\/wildnest.cl\/wp-content\/uploads\/2025\/01\/IMG_3295-1-300x225.jpg 300w, https:\/\/wildnest.cl\/wp-content\/uploads\/2025\/01\/IMG_3295-1-1024x768.jpg 1024w, https:\/\/wildnest.cl\/wp-content\/uploads\/2025\/01\/IMG_3295-1-768x576.jpg 768w, https:\/\/wildnest.cl\/wp-content\/uploads\/2025\/01\/IMG_3295-1-1536x1152.jpg 1536w\" sizes=\"auto, (max-width: 1920px) 100vw, 1920px\" \/><\/figure>\n<\/div>\n\n\n\n<div class=\"wp-block-column is-vertically-aligned-center is-layout-flow wp-container-core-column-is-layout-6e2e3ca0 wp-block-column-is-layout-flow\" style=\"padding-top:var(--wp--preset--spacing--50);padding-right:var(--wp--preset--spacing--20);padding-bottom:var(--wp--preset--spacing--50);padding-left:var(--wp--preset--spacing--20)\">\n<h1 class=\"wp-block-heading has-text-align-center has-base-color has-text-color has-link-color has-xx-large-font-size wp-elements-2ecd3d7335517276a41e6c3b01d8447f\"><strong>Bariloche<\/strong><\/h1>\n<\/div>\n<\/div>\n\n\n\n<div class=\"wp-block-columns alignfull has-background is-layout-flex wp-container-core-columns-is-layout-87535699 wp-block-columns-is-layout-flex\" style=\"background-color:#aca070;margin-top:0;margin-bottom:0;padding-top:0;padding-right:0;padding-bottom:0;padding-left:0\">\n<div class=\"wp-block-column is-layout-flow wp-block-column-is-layout-flow\" style=\"flex-basis:56%\">\n<figure class=\"wp-block-image size-full is-resized has-custom-border\" style=\"margin-top:0;margin-right:0;margin-bottom:0;margin-left:0\"><img loading=\"lazy\" decoding=\"async\" width=\"1920\" height=\"1080\" src=\"https:\/\/wildnest.cl\/wp-content\/uploads\/2025\/01\/IMG_7568-1.jpg\" alt=\"\" class=\"wp-image-287\" style=\"border-style:none;border-width:0px;border-radius:0px;object-fit:cover;width:740px;height:400px\" srcset=\"https:\/\/wildnest.cl\/wp-content\/uploads\/2025\/01\/IMG_7568-1.jpg 1920w, https:\/\/wildnest.cl\/wp-content\/uploads\/2025\/01\/IMG_7568-1-300x169.jpg 300w, https:\/\/wildnest.cl\/wp-content\/uploads\/2025\/01\/IMG_7568-1-1024x576.jpg 1024w, https:\/\/wildnest.cl\/wp-content\/uploads\/2025\/01\/IMG_7568-1-768x432.jpg 768w, https:\/\/wildnest.cl\/wp-content\/uploads\/2025\/01\/IMG_7568-1-1536x864.jpg 1536w\" sizes=\"auto, (max-width: 1920px) 100vw, 1920px\" \/><\/figure>\n<\/div>\n\n\n\n<div class=\"wp-block-column is-vertically-aligned-center is-layout-flow wp-container-core-column-is-layout-6e2e3ca0 wp-block-column-is-layout-flow\" style=\"padding-top:var(--wp--preset--spacing--50);padding-right:var(--wp--preset--spacing--20);padding-bottom:var(--wp--preset--spacing--50);padding-left:var(--wp--preset--spacing--20)\">\n<h1 class=\"wp-block-heading has-text-align-center has-base-color has-text-color has-link-color has-xx-large-font-size wp-elements-39ce755d4e29c7e64d34f2f10b6d1c7e\"><strong>Puc\u00f3n<\/strong><\/h1>\n<\/div>\n<\/div>\n","protected":false},"excerpt":{"rendered":"<p>\u00danete a la Red Global de Sedes y s\u00e9 el pr\u00f3ximo Anfitri\u00f3n de un Taller de Treenet. POSTULACIONES ABIERTAS!!! Mas informaci\u00f3n aqu\u00ed Tour 2025 WildNest &amp; CanopyCraftGran Tour de Tejido TreeNet por Chile y Argentina Con profunda gratitud cerramos nuestro Tour Internacional de Tejido de Redes en \u00c1rboles. Ha sido un honor inmenso compartir la [&hellip;]<\/p>\n","protected":false},"author":2,"featured_media":0,"parent":0,"menu_order":0,"comment_status":"closed","ping_status":"closed","template":"page-no-title","meta":{"footnotes":""},"class_list":["post-293","page","type-page","status-publish","hentry"],"_links":{"self":[{"href":"https:\/\/wildnest.cl\/index.php?rest_route=\/wp\/v2\/pages\/293","targetHints":{"allow":["GET"]}}],"collection":[{"href":"https:\/\/wildnest.cl\/index.php?rest_route=\/wp\/v2\/pages"}],"about":[{"href":"https:\/\/wildnest.cl\/index.php?rest_route=\/wp\/v2\/types\/page"}],"author":[{"embeddable":true,"href":"https:\/\/wildnest.cl\/index.php?rest_route=\/wp\/v2\/users\/2"}],"replies":[{"embeddable":true,"href":"https:\/\/wildnest.cl\/index.php?rest_route=%2Fwp%2Fv2%2Fcomments&post=293"}],"version-history":[{"count":8,"href":"https:\/\/wildnest.cl\/index.php?rest_route=\/wp\/v2\/pages\/293\/revisions"}],"predecessor-version":[{"id":549,"href":"https:\/\/wildnest.cl\/index.php?rest_route=\/wp\/v2\/pages\/293\/revisions\/549"}],"wp:attachment":[{"href":"https:\/\/wildnest.cl\/index.php?rest_route=%2Fwp%2Fv2%2Fmedia&parent=293"}],"curies":[{"name":"wp","href":"https:\/\/api.w.org\/{rel}","templated":true}]}}