{"id":295,"date":"2026-02-11T18:02:43","date_gmt":"2026-02-11T18:02:43","guid":{"rendered":"https:\/\/wildnest.cl\/?page_id=295"},"modified":"2026-02-11T20:17:58","modified_gmt":"2026-02-11T20:17:58","slug":"pagina-2","status":"publish","type":"page","link":"https:\/\/wildnest.cl\/?page_id=295","title":{"rendered":"Proyectos"},"content":{"rendered":"\n<h2 class=\"wp-block-heading alignfull has-text-align-center is-style-default has-base-color has-text-color has-background has-link-color has-xx-large-font-size wp-elements-76b793f7fc5231a415a03f3970c0f6c6\" style=\"border-style:none;border-width:0px;border-radius:0px;background-color:#739660\"><strong>PROYECTOS<\/strong><\/h2>\n\n\n\n<div class=\"wp-block-group alignfull has-global-padding is-layout-constrained wp-container-core-group-is-layout-b95b696d wp-block-group-is-layout-constrained\" style=\"margin-top:0;margin-bottom:0;padding-top:0;padding-right:0;padding-bottom:0;padding-left:0\">\n<hr class=\"wp-block-separator has-text-color has-base-color has-alpha-channel-opacity has-base-background-color has-background is-style-default\" style=\"margin-top:2px;margin-bottom:2px\"\/>\n\n\n\n<div class=\"wp-block-columns alignfull has-background is-layout-flex wp-container-core-columns-is-layout-87535699 wp-block-columns-is-layout-flex\" style=\"background-color:#739660;margin-top:0;margin-bottom:0;padding-top:0;padding-right:0;padding-bottom:0;padding-left:0\">\n<div class=\"wp-block-column is-layout-flow wp-block-column-is-layout-flow\" style=\"flex-basis:56%\">\n<figure class=\"wp-block-image size-full is-resized has-custom-border\" style=\"margin-top:0;margin-right:0;margin-bottom:0;margin-left:0\"><img loading=\"lazy\" decoding=\"async\" width=\"550\" height=\"400\" src=\"https:\/\/wildnest.cl\/wp-content\/uploads\/2025\/01\/FotosWeb-01.png\" alt=\"\" class=\"wp-image-43\" style=\"border-style:none;border-width:0px;border-radius:0px;width:740px;height:auto\" srcset=\"https:\/\/wildnest.cl\/wp-content\/uploads\/2025\/01\/FotosWeb-01.png 550w, https:\/\/wildnest.cl\/wp-content\/uploads\/2025\/01\/FotosWeb-01-300x218.png 300w\" sizes=\"auto, (max-width: 550px) 100vw, 550px\" \/><\/figure>\n<\/div>\n\n\n\n<div class=\"wp-block-column is-vertically-aligned-center is-layout-flow wp-container-core-column-is-layout-6e2e3ca0 wp-block-column-is-layout-flow\" style=\"padding-top:var(--wp--preset--spacing--50);padding-right:var(--wp--preset--spacing--20);padding-bottom:var(--wp--preset--spacing--50);padding-left:var(--wp--preset--spacing--20)\">\n<p class=\"has-text-align-center has-base-color has-text-color has-link-color has-xx-large-font-size wp-elements-a4ea2d6d21eb5467f8d889b15da91dc3\"><strong>Descansa<\/strong><\/p>\n\n\n\n<p class=\"has-text-align-center has-base-color has-text-color has-link-color has-large-font-size wp-elements-5525d51b07b8edadfbda0ed28e4eedae\">Descubre la paz entre los \u00e1rboles.<\/p>\n\n\n\n<p class=\"has-text-align-center has-base-color has-text-color has-link-color has-large-font-size wp-elements-f60968692c8eef7e71ac29a04067f777\"><strong>Wild\u00b7Nest<\/strong> dise\u00f1a espacios elevados para relajarte y desconectarte del ruido de la vida diaria. Nuestras estructuras ofrecen una experiencia \u00fanica de descanso en la naturaleza, combinando comodidad y serenidad.<\/p>\n<\/div>\n<\/div>\n<\/div>\n\n\n\n<hr class=\"wp-block-separator has-text-color has-base-color has-alpha-channel-opacity has-base-background-color has-background is-style-default\" style=\"margin-top:2px;margin-bottom:2px\"\/>\n\n\n\n<div class=\"wp-block-columns alignfull has-background is-layout-flex wp-container-core-columns-is-layout-87535699 wp-block-columns-is-layout-flex\" style=\"background-color:#739660;margin-top:0;margin-bottom:0;padding-top:0;padding-right:0;padding-bottom:0;padding-left:0\">\n<div class=\"wp-block-column is-layout-flow wp-block-column-is-layout-flow\" style=\"flex-basis:56%\">\n<figure class=\"wp-block-image size-full is-resized has-custom-border\" style=\"margin-top:0;margin-right:0;margin-bottom:0;margin-left:0\"><img loading=\"lazy\" decoding=\"async\" width=\"550\" height=\"400\" src=\"https:\/\/wildnest.cl\/wp-content\/uploads\/2025\/01\/FotosWeb-02.png\" alt=\"\" class=\"wp-image-46\" style=\"border-style:none;border-width:0px;border-radius:0px;width:740px;height:auto\" srcset=\"https:\/\/wildnest.cl\/wp-content\/uploads\/2025\/01\/FotosWeb-02.png 550w, https:\/\/wildnest.cl\/wp-content\/uploads\/2025\/01\/FotosWeb-02-300x218.png 300w\" sizes=\"auto, (max-width: 550px) 100vw, 550px\" \/><\/figure>\n<\/div>\n\n\n\n<div class=\"wp-block-column is-vertically-aligned-center is-layout-flow wp-container-core-column-is-layout-6e2e3ca0 wp-block-column-is-layout-flow\" style=\"padding-top:var(--wp--preset--spacing--50);padding-right:var(--wp--preset--spacing--20);padding-bottom:var(--wp--preset--spacing--50);padding-left:var(--wp--preset--spacing--20)\">\n<p class=\"has-text-align-center has-base-color has-text-color has-link-color has-xx-large-font-size wp-elements-65cf71a9a815c8866674612b46722f69\"><strong>Juega<\/strong><\/p>\n\n\n\n<p class=\"has-text-align-center has-base-color has-text-color has-link-color has-large-font-size wp-elements-44a78493d153ffec9b1ac59459054596\">Vuelve a conectarte con tu ni\u00f1o interior.<\/p>\n\n\n\n<p class=\"has-text-align-center has-base-color has-text-color has-link-color has-large-font-size wp-elements-56bbbf1e11bb95d5501ec117cff54e0a\">Nuestras mallas no solo son un lugar de relajaci\u00f3n, sino tambi\u00e9n un espacio din\u00e1mico que invita al movimiento, la diversi\u00f3n y la exploraci\u00f3n. Perfecto para familias, ni\u00f1os y aventureros.<\/p>\n<\/div>\n<\/div>\n\n\n\n<hr class=\"wp-block-separator has-text-color has-base-color has-alpha-channel-opacity has-base-background-color has-background is-style-default\" style=\"margin-top:2px;margin-bottom:2px\"\/>\n\n\n\n<div class=\"wp-block-columns alignfull has-background is-layout-flex wp-container-core-columns-is-layout-87535699 wp-block-columns-is-layout-flex\" style=\"background-color:#739660;margin-top:0;margin-bottom:0;padding-top:0;padding-right:0;padding-bottom:0;padding-left:0\">\n<div class=\"wp-block-column is-layout-flow wp-block-column-is-layout-flow\" style=\"flex-basis:56%\">\n<figure class=\"wp-block-image size-full is-resized has-custom-border\" style=\"margin-top:0;margin-right:0;margin-bottom:0;margin-left:0\"><img loading=\"lazy\" decoding=\"async\" width=\"550\" height=\"400\" src=\"https:\/\/wildnest.cl\/wp-content\/uploads\/2025\/01\/FotosWeb-03.png\" alt=\"\" class=\"wp-image-48\" style=\"border-style:none;border-width:0px;border-radius:0px;width:740px;height:auto\" srcset=\"https:\/\/wildnest.cl\/wp-content\/uploads\/2025\/01\/FotosWeb-03.png 550w, https:\/\/wildnest.cl\/wp-content\/uploads\/2025\/01\/FotosWeb-03-300x218.png 300w\" sizes=\"auto, (max-width: 550px) 100vw, 550px\" \/><\/figure>\n<\/div>\n\n\n\n<div class=\"wp-block-column is-vertically-aligned-center is-layout-flow wp-container-core-column-is-layout-6e2e3ca0 wp-block-column-is-layout-flow\" style=\"padding-top:var(--wp--preset--spacing--50);padding-right:var(--wp--preset--spacing--20);padding-bottom:var(--wp--preset--spacing--50);padding-left:var(--wp--preset--spacing--20)\">\n<p class=\"has-text-align-center has-base-color has-text-color has-link-color has-xx-large-font-size wp-elements-492eb3ff9ace511dc71d4b67501138e9\"><strong>Conecta<\/strong><\/p>\n\n\n\n<p class=\"has-text-align-center has-base-color has-text-color has-link-color has-large-font-size wp-elements-9f23f9608b4807e3c5790151e10383ff\">Reencu\u00e9ntrate con lo esencial.<\/p>\n\n\n\n<p class=\"has-text-align-center has-base-color has-text-color has-link-color has-large-font-size wp-elements-8dae64cb4e4ca3fd8c2c98c6aafbbc6e\">M\u00e1s que estructuras, dise\u00f1amos experiencias. <strong>Wild\u00b7Nest<\/strong> es un puente entre las personas y la naturaleza, promoviendo momentos de conexi\u00f3n entre amigos, familiares y el entorno natural.<\/p>\n<\/div>\n<\/div>\n\n\n\n<h2 class=\"wp-block-heading alignfull has-text-align-center is-style-default has-base-color has-text-color has-background has-link-color has-xx-large-font-size wp-elements-4b00eb45381216c890bc0b83b5a2eb84\" style=\"border-style:none;border-width:0px;border-radius:0px;background-color:#739660\"><strong><strong><a href=\"https:\/\/wildnest.cl\/?page_id=2\" data-type=\"link\" data-id=\"https:\/\/wildnest.cl\/?page_id=2\">Galer\u00eda de fotos<\/a><\/strong><\/strong><\/h2>\n\n\n\n<hr class=\"wp-block-separator has-text-color has-base-color has-alpha-channel-opacity has-base-background-color has-background is-style-default\" style=\"margin-top:2px;margin-bottom:2px\"\/>\n\n\n\n<div class=\"wp-block-columns alignfull has-background is-layout-flex wp-container-core-columns-is-layout-87535699 wp-block-columns-is-layout-flex\" style=\"background-color:#a98f32;margin-top:0;margin-bottom:0;padding-top:0;padding-right:0;padding-bottom:0;padding-left:0\">\n<div class=\"wp-block-column is-vertically-aligned-center is-layout-flow wp-container-core-column-is-layout-37b9becb wp-block-column-is-layout-flow\" style=\"padding-top:var(--wp--preset--spacing--20);padding-right:var(--wp--preset--spacing--20);padding-bottom:var(--wp--preset--spacing--20);padding-left:var(--wp--preset--spacing--20);flex-basis:50%\">\n<p class=\"has-text-align-center has-base-color has-text-color has-link-color has-xx-large-font-size wp-elements-0d715fb47a5822b6152777dee1a6105b\"><strong>\u00bfQu\u00e9 hacemos?<\/strong><\/p>\n\n\n\n<p class=\"has-text-align-center has-base-color has-text-color has-link-color has-large-font-size wp-elements-488921004709a3185ffd7f113bfb9bd1\"><strong>Dise\u00f1o personalizado<br><\/strong>Proyectos hechos a medida que se integran armoniosamente con el entorno.<br><br><strong>Materiales sostenibles<br><\/strong>Usamos materiales de alta calidad, amigables con el medio ambiente.<br><br><strong>Montaje seguro y profesional<br><\/strong>Garantizamos estructuras resistentes y seguras, respetando siempre la salud de los \u00e1rboles.<\/p>\n<\/div>\n\n\n\n<div class=\"wp-block-column is-vertically-aligned-center is-layout-flow wp-container-core-column-is-layout-1396dd20 wp-block-column-is-layout-flow\" style=\"padding-top:0;padding-right:0;padding-bottom:0;padding-left:0\">\n<figure class=\"wp-block-image size-full is-resized has-custom-border\" style=\"margin-top:0;margin-right:0;margin-bottom:0;margin-left:0\"><img loading=\"lazy\" decoding=\"async\" width=\"551\" height=\"400\" src=\"https:\/\/wildnest.cl\/wp-content\/uploads\/2025\/01\/FotosWeb4-04-04.png\" alt=\"\" class=\"wp-image-59\" style=\"border-style:none;border-width:0px;border-radius:0px;aspect-ratio:1;object-fit:cover;width:740px;height:auto\" srcset=\"https:\/\/wildnest.cl\/wp-content\/uploads\/2025\/01\/FotosWeb4-04-04.png 551w, https:\/\/wildnest.cl\/wp-content\/uploads\/2025\/01\/FotosWeb4-04-04-300x218.png 300w\" sizes=\"auto, (max-width: 551px) 100vw, 551px\" \/><\/figure>\n<\/div>\n<\/div>\n","protected":false},"excerpt":{"rendered":"<p>PROYECTOS Descansa Descubre la paz entre los \u00e1rboles. Wild\u00b7Nest dise\u00f1a espacios elevados para relajarte y desconectarte del ruido de la vida diaria. Nuestras estructuras ofrecen una experiencia \u00fanica de descanso en la naturaleza, combinando comodidad y serenidad. Juega Vuelve a conectarte con tu ni\u00f1o interior. Nuestras mallas no solo son un lugar de relajaci\u00f3n, sino [&hellip;]<\/p>\n","protected":false},"author":2,"featured_media":0,"parent":0,"menu_order":0,"comment_status":"closed","ping_status":"closed","template":"page-no-title","meta":{"footnotes":""},"class_list":["post-295","page","type-page","status-publish","hentry"],"_links":{"self":[{"href":"https:\/\/wildnest.cl\/index.php?rest_route=\/wp\/v2\/pages\/295","targetHints":{"allow":["GET"]}}],"collection":[{"href":"https:\/\/wildnest.cl\/index.php?rest_route=\/wp\/v2\/pages"}],"about":[{"href":"https:\/\/wildnest.cl\/index.php?rest_route=\/wp\/v2\/types\/page"}],"author":[{"embeddable":true,"href":"https:\/\/wildnest.cl\/index.php?rest_route=\/wp\/v2\/users\/2"}],"replies":[{"embeddable":true,"href":"https:\/\/wildnest.cl\/index.php?rest_route=%2Fwp%2Fv2%2Fcomments&post=295"}],"version-history":[{"count":7,"href":"https:\/\/wildnest.cl\/index.php?rest_route=\/wp\/v2\/pages\/295\/revisions"}],"predecessor-version":[{"id":331,"href":"https:\/\/wildnest.cl\/index.php?rest_route=\/wp\/v2\/pages\/295\/revisions\/331"}],"wp:attachment":[{"href":"https:\/\/wildnest.cl\/index.php?rest_route=%2Fwp%2Fv2%2Fmedia&parent=295"}],"curies":[{"name":"wp","href":"https:\/\/api.w.org\/{rel}","templated":true}]}}