{"id":334,"date":"2026-02-11T21:52:58","date_gmt":"2026-02-11T21:52:58","guid":{"rendered":"https:\/\/wildnest.cl\/?page_id=334"},"modified":"2026-02-27T12:30:59","modified_gmt":"2026-02-27T12:30:59","slug":"moto_tour_26","status":"publish","type":"page","link":"https:\/\/wildnest.cl\/?page_id=334","title":{"rendered":"Moto_Tour_26"},"content":{"rendered":"\n<div class=\"wp-block-cover alignfull has-accent-1-color has-text-color has-link-color wp-elements-e3d223db283deae722f472b9bc7862f3 wp-duotone-rgb333333-ccc-2\" style=\"margin-top:0;margin-bottom:0;padding-top:31px;padding-right:var(--wp--preset--spacing--30);padding-bottom:31px;padding-left:var(--wp--preset--spacing--30);min-height:50px;aspect-ratio:unset;\"><img loading=\"lazy\" decoding=\"async\" width=\"1440\" height=\"2560\" class=\"wp-block-cover__image-background wp-image-335 size-full\" alt=\"\" src=\"https:\/\/wildnest.cl\/wp-content\/uploads\/2026\/02\/IMG_8563-scaled.jpg\" style=\"object-position:48% 61%\" data-object-fit=\"cover\" data-object-position=\"48% 61%\" srcset=\"https:\/\/wildnest.cl\/wp-content\/uploads\/2026\/02\/IMG_8563-scaled.jpg 1440w, https:\/\/wildnest.cl\/wp-content\/uploads\/2026\/02\/IMG_8563-169x300.jpg 169w, https:\/\/wildnest.cl\/wp-content\/uploads\/2026\/02\/IMG_8563-576x1024.jpg 576w, https:\/\/wildnest.cl\/wp-content\/uploads\/2026\/02\/IMG_8563-768x1365.jpg 768w, https:\/\/wildnest.cl\/wp-content\/uploads\/2026\/02\/IMG_8563-864x1536.jpg 864w, https:\/\/wildnest.cl\/wp-content\/uploads\/2026\/02\/IMG_8563-1152x2048.jpg 1152w\" sizes=\"auto, (max-width: 1440px) 100vw, 1440px\" \/><span aria-hidden=\"true\" class=\"wp-block-cover__background has-background-dim-60 has-background-dim\" style=\"background-color:#655e52\"><\/span><div class=\"wp-block-cover__inner-container has-global-padding is-layout-constrained wp-container-core-cover-is-layout-6277a6d1 wp-block-cover-is-layout-constrained\">\n<div class=\"wp-block-group has-x-large-font-size is-vertical is-content-justification-center is-layout-flex wp-container-core-group-is-layout-ce155fab wp-block-group-is-layout-flex\">\n<h2 class=\"wp-block-heading has-text-align-center is-style-text-annotation has-base-color has-text-color has-link-color has-large-font-size wp-elements-2717c1f0b4f5d15b6862c62f9bc68255 is-style-text-annotation--1\" style=\"border-top-left-radius:34px;border-top-right-radius:34px;border-bottom-left-radius:34px;border-bottom-right-radius:34px\">PRONTO<\/h2>\n<\/div>\n\n\n\n<h3 class=\"wp-block-heading has-text-align-center has-base-color has-text-color has-link-color has-xx-large-font-size wp-elements-67540421ee0603d59b524e33fd27e600\">WILDNEST EN RUTA<\/h3>\n\n\n\n<p class=\"has-text-align-center has-base-color has-text-color has-link-color has-x-large-font-size wp-elements-a3ad0e7b4e2182a9636729f30beeaaaf\">Moto Tour Invierno 2026<br>Del Bosque al Valle.<\/p>\n\n\n\n<p class=\"has-text-align-left has-base-color has-text-color has-link-color has-medium-font-size wp-elements-36e223d907ac8d9ca675a620c19181f5\">Hola, soy Cristobal Topp de WildNest Chile<\/p>\n\n\n\n<p class=\"has-base-color has-text-color has-link-color has-medium-font-size wp-elements-e470df1c00f57fbc62f4d8c59ebd94ad\">Vivo en el sur, entre bosques y lluvia. Pero este invierno, he decidido cambiar el taller por la carretera.<\/p>\n\n\n\n<p class=\"has-base-color has-text-color has-link-color has-medium-font-size wp-elements-f27f50aff25545ab2a5b2a47db7373a1\">En junio, cargo mi moto y arranco el<br><strong>Moto Tour Invierno 2026<\/strong>: desde la Araucan\u00eda hasta el Valle del Elqui, buscando el sol.<\/p>\n\n\n\n<p class=\"has-base-color has-text-color has-link-color has-medium-font-size wp-elements-e21c7a25b8f25b0c91ccba1e8354b84d\">\u00bfTienes los \u00e1rboles pero no sabes por d\u00f3nde empezar?<br>Yo voy a tu casa. Instalo la estructura de seguridad, pongo los anclajes dif\u00edciles y te ense\u00f1o a ti y a tus amigos a tejer el resto.<\/p>\n\n\n\n<p class=\"has-text-align-center has-base-color has-text-color has-link-color has-medium-font-size wp-elements-ebe1d0a6d7955a8a7706534681946485\">Es la mezcla perfecta: seguridad profesional y la satisfacci\u00f3n de hacerlo t\u00fa mismo.<\/p>\n\n\n\n<div class=\"wp-block-buttons is-content-justification-center is-layout-flex wp-container-core-buttons-is-layout-a89b3969 wp-block-buttons-is-layout-flex\">\n<div class=\"wp-block-button is-style-fill\"><a class=\"wp-block-button__link has-contrast-color has-base-background-color has-text-color has-background has-link-color has-border-color has-accent-1-border-color wp-element-button\" href=\"https:\/\/wildnest.cl\/?page_id=361\"><strong>Formulario de Postulaci\u00f3n<\/strong><\/a><\/div>\n<\/div>\n<\/div><\/div>\n\n\n\n<figure class=\"wp-block-pullquote has-x-large-font-size\" style=\"margin-top:0;margin-right:0;margin-bottom:0;margin-left:0;padding-top:var(--wp--preset--spacing--20);padding-right:0;padding-bottom:var(--wp--preset--spacing--20);padding-left:0\"><blockquote><p><strong>\u00bfC\u00f3mo Funciona el Tour de Talleres en Terreno?<\/strong><\/p><\/blockquote><\/figure>\n\n\n\n<div class=\"wp-block-columns alignfull is-style-default has-background is-layout-flex wp-container-core-columns-is-layout-c6db3128 wp-block-columns-is-layout-flex\" style=\"border-style:none;border-width:0px;border-top-left-radius:0px;border-top-right-radius:0px;border-bottom-left-radius:0px;border-bottom-right-radius:0px;background-color:#739660;margin-top:4px;margin-bottom:4px;padding-top:var(--wp--preset--spacing--20);padding-right:var(--wp--preset--spacing--20);padding-bottom:var(--wp--preset--spacing--20);padding-left:var(--wp--preset--spacing--20)\">\n<div class=\"wp-block-column is-layout-flow wp-block-column-is-layout-flow\">\n<p class=\"has-text-align-center has-base-color has-text-color has-link-color has-medium-font-size wp-elements-bf359b8fe8ae136a768cc9569effa4a8\"><strong><strong><strong><strong><strong>1.-<strong>Completa el formulario de postulaci\u00f3n:<\/strong><\/strong><\/strong><\/strong><\/strong><\/strong><br>Al completarlo nos comunicaremos contigo para realizar la evaluaci\u00f3n de factibilidad t\u00e9cnica<\/p>\n<\/div>\n<\/div>\n\n\n\n<div class=\"wp-block-columns alignfull is-style-default has-background is-layout-flex wp-container-core-columns-is-layout-c6db3128 wp-block-columns-is-layout-flex\" style=\"border-style:none;border-width:0px;border-top-left-radius:0px;border-top-right-radius:0px;border-bottom-left-radius:0px;border-bottom-right-radius:0px;background-color:#a98f32;margin-top:4px;margin-bottom:4px;padding-top:var(--wp--preset--spacing--20);padding-right:var(--wp--preset--spacing--20);padding-bottom:var(--wp--preset--spacing--20);padding-left:var(--wp--preset--spacing--20)\">\n<div class=\"wp-block-column is-layout-flow wp-block-column-is-layout-flow\">\n<p class=\"has-text-align-center has-base-color has-text-color has-link-color has-medium-font-size wp-elements-541e61037825e74133820efd0c0a818f\"><strong><strong><strong><strong><strong><strong>2.-<\/strong> Se define la fecha exacta del Taller en terreno<\/strong><\/strong><\/strong><\/strong><\/strong><br>Definimos fechas seg\u00fan ruta y disponibilidad<\/p>\n<\/div>\n<\/div>\n\n\n\n<div class=\"wp-block-columns alignfull is-style-default has-background is-layout-flex wp-container-core-columns-is-layout-c6db3128 wp-block-columns-is-layout-flex\" style=\"border-style:none;border-width:0px;border-top-left-radius:0px;border-top-right-radius:0px;border-bottom-left-radius:0px;border-bottom-right-radius:0px;background-color:#739660;margin-top:4px;margin-bottom:4px;padding-top:var(--wp--preset--spacing--20);padding-right:var(--wp--preset--spacing--20);padding-bottom:var(--wp--preset--spacing--20);padding-left:var(--wp--preset--spacing--20)\">\n<div class=\"wp-block-column is-layout-flow wp-block-column-is-layout-flow\">\n<p class=\"has-text-align-center has-base-color has-text-color has-link-color has-medium-font-size wp-elements-1bdc006f5979a0120ee6b8bc148847bf\"><strong><strong><strong><strong><strong>3.-<strong>Se calculan los materiales seg\u00fan evaluaci\u00f3n y se despachan:<\/strong><\/strong><\/strong><\/strong><\/strong><\/strong><br>Materiales deben ser pagados antes de despachar<\/p>\n<\/div>\n<\/div>\n\n\n\n<div class=\"wp-block-columns alignfull is-style-default has-background is-layout-flex wp-container-core-columns-is-layout-c6db3128 wp-block-columns-is-layout-flex\" style=\"border-style:none;border-width:0px;border-top-left-radius:0px;border-top-right-radius:0px;border-bottom-left-radius:0px;border-bottom-right-radius:0px;background-color:#a98f32;margin-top:4px;margin-bottom:4px;padding-top:var(--wp--preset--spacing--20);padding-right:var(--wp--preset--spacing--20);padding-bottom:var(--wp--preset--spacing--20);padding-left:var(--wp--preset--spacing--20)\">\n<div class=\"wp-block-column is-layout-flow wp-block-column-is-layout-flow\">\n<p class=\"has-text-align-center has-base-color has-text-color has-link-color has-medium-font-size wp-elements-16951df8d46dbe1f20abd79b970db1f2\"><strong><strong><strong><strong><strong><strong>4.-<\/strong> Se abona el 50% del taller al momento de reservar la fecha<\/strong><\/strong><\/strong><\/strong><\/strong><br>Pago mediante Tickets en Wildpass.cl<\/p>\n<\/div>\n<\/div>\n\n\n\n<div class=\"wp-block-columns alignfull is-style-default has-background is-layout-flex wp-container-core-columns-is-layout-c6db3128 wp-block-columns-is-layout-flex\" style=\"border-style:none;border-width:0px;border-top-left-radius:0px;border-top-right-radius:0px;border-bottom-left-radius:0px;border-bottom-right-radius:0px;background-color:#739660;margin-top:4px;margin-bottom:4px;padding-top:var(--wp--preset--spacing--20);padding-right:var(--wp--preset--spacing--20);padding-bottom:var(--wp--preset--spacing--20);padding-left:var(--wp--preset--spacing--20)\">\n<div class=\"wp-block-column is-layout-flow wp-block-column-is-layout-flow\">\n<p class=\"has-text-align-center has-base-color has-text-color has-link-color has-medium-font-size wp-elements-f7d915d464ba39092d6261d1c57ca718\"><strong><strong><strong><strong><strong>5.-\ud83d\udce6 <strong>Recibes el Kit:<\/strong><\/strong><\/strong><\/strong><\/strong><\/strong><br>Materiales calculados llegan a tu puerta antes que nosotros.<br>(Previa evaluaci\u00f3n y pago del material)<\/p>\n<\/div>\n<\/div>\n\n\n\n<div class=\"wp-block-columns alignfull is-style-default has-background is-layout-flex wp-container-core-columns-is-layout-c6db3128 wp-block-columns-is-layout-flex\" style=\"border-style:none;border-width:0px;border-top-left-radius:0px;border-top-right-radius:0px;border-bottom-left-radius:0px;border-bottom-right-radius:0px;background-color:#a98f32;margin-top:4px;margin-bottom:4px;padding-top:var(--wp--preset--spacing--20);padding-right:var(--wp--preset--spacing--20);padding-bottom:var(--wp--preset--spacing--20);padding-left:var(--wp--preset--spacing--20)\">\n<div class=\"wp-block-column is-layout-flow wp-block-column-is-layout-flow\">\n<p class=\"has-text-align-center has-base-color has-text-color has-link-color has-medium-font-size wp-elements-b221bfbdae98c98582e6a5e4a4351f7e\"><strong><strong><strong><strong><strong><strong>6.-<\/strong> \ud83c\udfcd\ufe0f <strong>Llegamos en Moto:<\/strong><\/strong><\/strong><\/strong><\/strong><\/strong><br>Instalamos los anclajes de seguridad y el per\u00edmetro estructural<br>(Lo dif\u00edcil).<\/p>\n<\/div>\n<\/div>\n\n\n\n<div class=\"wp-block-columns alignfull is-style-default has-background is-layout-flex wp-container-core-columns-is-layout-c6db3128 wp-block-columns-is-layout-flex\" style=\"border-style:none;border-width:0px;border-top-left-radius:0px;border-top-right-radius:0px;border-bottom-left-radius:0px;border-bottom-right-radius:0px;background-color:#739660;margin-top:4px;margin-bottom:4px;padding-top:var(--wp--preset--spacing--20);padding-right:var(--wp--preset--spacing--20);padding-bottom:var(--wp--preset--spacing--20);padding-left:var(--wp--preset--spacing--20)\">\n<div class=\"wp-block-column is-layout-flow wp-block-column-is-layout-flow\">\n<p class=\"has-text-align-center has-base-color has-text-color has-link-color has-medium-font-size wp-elements-5ea958671cd142a2ed3a979defd47c73\"><strong><strong><strong><strong><strong><strong>7.- \ud83e\uddf6 <strong>Clase Privada:<\/strong><\/strong><\/strong><\/strong><\/strong><\/strong><\/strong><br>Te ense\u00f1amos las t\u00e9cnicas b\u00e1sicas de tejido.<br>(Taller para 2 personas, persona extra con valor adicional)<\/p>\n<\/div>\n<\/div>\n\n\n\n<div class=\"wp-block-columns alignfull is-style-default has-background is-layout-flex wp-container-core-columns-is-layout-c6db3128 wp-block-columns-is-layout-flex\" style=\"border-style:none;border-width:0px;border-top-left-radius:0px;border-top-right-radius:0px;border-bottom-left-radius:0px;border-bottom-right-radius:0px;background-color:#a98f32;margin-top:4px;margin-bottom:4px;padding-top:var(--wp--preset--spacing--20);padding-right:var(--wp--preset--spacing--20);padding-bottom:var(--wp--preset--spacing--20);padding-left:var(--wp--preset--spacing--20)\">\n<div class=\"wp-block-column is-layout-flow wp-block-column-is-layout-flow\">\n<p class=\"has-text-align-center has-base-color has-text-color has-link-color has-medium-font-size wp-elements-3d3eb87c783b3471549473b14ab13243\"><strong><strong><strong><strong><strong><strong>8.- \u2728 <strong>T\u00fa Terminas:<\/strong><\/strong><\/strong><\/strong><\/strong><\/strong><\/strong><br>Continuas tejiendo a tu ritmo y gusto.<br>(Entrega de manual de tejido para terminar el proyecto)<\/p>\n<\/div>\n<\/div>\n\n\n\n<figure class=\"wp-block-pullquote has-x-large-font-size\" style=\"margin-top:0;margin-right:0;margin-bottom:0;margin-left:0;padding-top:var(--wp--preset--spacing--20);padding-right:0;padding-bottom:var(--wp--preset--spacing--20);padding-left:0\"><blockquote><p><strong>Calendario de Ruta*<\/strong><\/p><cite>*Fechas de regiones por confirmar<\/cite><\/blockquote><\/figure>\n\n\n\n<figure class=\"wp-block-table alignfull is-style-regular has-medium-font-size\" style=\"margin-top:1px;margin-bottom:0\"><table class=\"has-base-color has-text-color has-background has-link-color has-fixed-layout\" style=\"background-color:#739660;border-width:1px\"><tbody><tr><td class=\"has-text-align-center\" data-align=\"center\">Junio<\/td><td class=\"has-text-align-center\" data-align=\"center\">Julio<\/td><\/tr><\/tbody><\/table><\/figure>\n\n\n\n<figure class=\"wp-block-table alignfull is-style-regular has-medium-font-size\" style=\"margin-top:1px;margin-bottom:0\"><table class=\"has-base-color has-text-color has-background has-link-color has-fixed-layout\" style=\"background-color:#a98f32;border-width:1px\"><tbody><tr><td class=\"has-text-align-left\" data-align=\"left\">&#8211; La Araucan\u00eda<br>&#8211; Biob\u00edo<br>&#8211; \u00d1uble<br>&#8211; Maule<\/td><td class=\"has-text-align-left\" data-align=\"left\">&#8211; O&#8217;Higgins<br>&#8211; Metropolitana<br>&#8211; Valpara\u00edso<br>&#8211; Coquimbo<\/td><\/tr><\/tbody><\/table><\/figure>\n\n\n\n<figure class=\"wp-block-pullquote has-x-large-font-size\" style=\"margin-top:0;margin-right:0;margin-bottom:0;margin-left:0;padding-top:var(--wp--preset--spacing--20);padding-right:0;padding-bottom:var(--wp--preset--spacing--20);padding-left:0\"><blockquote><p><strong>Precios y Planes<\/strong><\/p><cite>*Valores incluye taller de 1 d\u00eda para 2 personas \/ No incluye materiales<\/cite><\/blockquote><\/figure>\n\n\n\n<figure class=\"wp-block-table alignfull is-style-regular has-medium-font-size\" style=\"margin-top:1px;margin-bottom:0\"><table class=\"has-base-color has-text-color has-background has-link-color has-fixed-layout\" style=\"background-color:#739660;border-width:1px\"><tbody><tr><td class=\"has-text-align-center\" data-align=\"center\">Zona 1: $190.000.-<\/td><td class=\"has-text-align-center\" data-align=\"center\">Zona 2: $240.000.-<\/td><td class=\"has-text-align-center\" data-align=\"center\">Zona 3: $290.000.-<\/td><\/tr><\/tbody><\/table><\/figure>\n\n\n\n<figure class=\"wp-block-table alignfull is-style-regular has-medium-font-size\" style=\"margin-top:1px;margin-bottom:0\"><table class=\"has-base-color has-text-color has-background has-link-color has-fixed-layout\" style=\"background-color:#a98f32;border-width:1px\"><tbody><tr><td class=\"has-text-align-left\" data-align=\"left\">&#8211; Del Biob\u00edo<br>&#8211; De \u00d1uble<br>&#8211; Del Maule<\/td><td class=\"has-text-align-left\" data-align=\"left\">&#8211; De O&#8217;Higgins<br>&#8211; Metropolitana<br>&#8211; De Valpara\u00edso<\/td><td class=\"has-text-align-left\" data-align=\"left\">&#8211; De Coquimbo<\/td><\/tr><\/tbody><\/table><\/figure>\n\n\n\n<figure class=\"wp-block-table alignfull is-style-regular has-medium-font-size\" style=\"margin-top:1px;margin-bottom:0\"><table class=\"has-base-color has-text-color has-background has-link-color has-fixed-layout\" style=\"background-color:#739660;border-width:1px\"><tbody><tr><td class=\"has-text-align-center\" data-align=\"center\">Alumno Extra: $50.000.- (Mayor de 14 a\u00f1os)<br><strong>\u00a1\u00a1\u00a1Materiales y despacho con valores adicionales!!!<br><\/strong>(Valor referencial para espacio de 2&#215;2 mts. (4m2) $120.000 + Despacho)<\/td><\/tr><\/tbody><\/table><\/figure>\n\n\n\n<figure class=\"wp-block-pullquote has-x-large-font-size\" style=\"margin-top:0;margin-right:0;margin-bottom:0;margin-left:0;padding-top:var(--wp--preset--spacing--20);padding-right:0;padding-bottom:var(--wp--preset--spacing--20);padding-left:0\"><blockquote><p><strong>Requisitos de Pre-Evaluaci\u00f3n <\/strong><\/p><cite>Se realizar\u00e1 una video llamada con los lugares pre-evaluados en formulario de postulaci\u00f3n<\/cite><\/blockquote><\/figure>\n\n\n\n<figure class=\"wp-block-table alignfull is-style-regular has-medium-font-size\" style=\"margin-top:1px;margin-bottom:0\"><table class=\"has-base-color has-text-color has-background has-link-color has-fixed-layout\" style=\"background-color:#739660;border-width:1px\"><tbody><tr><td class=\"has-text-align-center\" data-align=\"center\">&#8211; 3 o m\u00e1s \u00e1rboles a 2-3 mts. de distancia<br>&#8211; \u00c1rboles de m\u00e1s de 30 cms. de di\u00e1metro<br>&#8211; Zona de trabajo limpia<br>&#8211; Instalaci\u00f3n a 80-100 cms. del suelo<\/td><\/tr><\/tbody><\/table><\/figure>\n\n\n\n<div class=\"wp-block-buttons is-content-justification-center is-layout-flex wp-container-core-buttons-is-layout-a89b3969 wp-block-buttons-is-layout-flex\">\n<div class=\"wp-block-button\"><a class=\"wp-block-button__link has-background wp-element-button\" href=\"https:\/\/wildnest.cl\/?page_id=361\" style=\"background-color:#a98f32\"><strong>Formulario de Postulaci\u00f3n<\/strong><\/a><\/div>\n<\/div>\n","protected":false},"excerpt":{"rendered":"<p>\u00bfC\u00f3mo Funciona el Tour de Talleres en Terreno? 1.-Completa el formulario de postulaci\u00f3n:Al completarlo nos comunicaremos contigo para realizar la evaluaci\u00f3n de factibilidad t\u00e9cnica 2.- Se define la fecha exacta del Taller en terrenoDefinimos fechas seg\u00fan ruta y disponibilidad 3.-Se calculan los materiales seg\u00fan evaluaci\u00f3n y se despachan:Materiales deben ser pagados antes de despachar 4.- [&hellip;]<\/p>\n","protected":false},"author":2,"featured_media":0,"parent":0,"menu_order":0,"comment_status":"closed","ping_status":"closed","template":"page-no-title","meta":{"footnotes":""},"class_list":["post-334","page","type-page","status-publish","hentry"],"_links":{"self":[{"href":"https:\/\/wildnest.cl\/index.php?rest_route=\/wp\/v2\/pages\/334","targetHints":{"allow":["GET"]}}],"collection":[{"href":"https:\/\/wildnest.cl\/index.php?rest_route=\/wp\/v2\/pages"}],"about":[{"href":"https:\/\/wildnest.cl\/index.php?rest_route=\/wp\/v2\/types\/page"}],"author":[{"embeddable":true,"href":"https:\/\/wildnest.cl\/index.php?rest_route=\/wp\/v2\/users\/2"}],"replies":[{"embeddable":true,"href":"https:\/\/wildnest.cl\/index.php?rest_route=%2Fwp%2Fv2%2Fcomments&post=334"}],"version-history":[{"count":34,"href":"https:\/\/wildnest.cl\/index.php?rest_route=\/wp\/v2\/pages\/334\/revisions"}],"predecessor-version":[{"id":412,"href":"https:\/\/wildnest.cl\/index.php?rest_route=\/wp\/v2\/pages\/334\/revisions\/412"}],"wp:attachment":[{"href":"https:\/\/wildnest.cl\/index.php?rest_route=%2Fwp%2Fv2%2Fmedia&parent=334"}],"curies":[{"name":"wp","href":"https:\/\/api.w.org\/{rel}","templated":true}]}}